{"id":1401,"date":"2022-06-24T15:28:21","date_gmt":"2022-06-24T18:28:21","guid":{"rendered":"https:\/\/institutogene.org.br\/?page_id=1401"},"modified":"2025-12-10T09:36:15","modified_gmt":"2025-12-10T12:36:15","slug":"publicacoes","status":"publish","type":"page","link":"https:\/\/institutogene.org.br\/index.php\/publicacoes\/","title":{"rendered":"Publica\u00e7\u00f5es"},"content":{"rendered":"\n\n\t<h2>Sobre<\/h2>\n<p>O Instituto Gene e o Centro de Inova\u00e7\u00e3o Blumenau t\u00eam um hist\u00f3rico de publica\u00e7\u00f5es e parcerias que d\u00e3o visibilidade para as a\u00e7\u00f5es de inova\u00e7\u00e3o e empreendedorismo da regi\u00e3o e do Estado. Revistas como a Rota da Inova\u00e7\u00e3o, Mapeamento do Ecossistema da Regi\u00e3o da AMVE e Sou Inova\u00e7\u00e3o s\u00e3o alguns dos exemplos de revistas impressas.<\/p>\n<p>Outras parcerias de comunica\u00e7\u00e3o que d\u00e3o visibilidade ao ecossistema s\u00e3o o programa de r\u00e1dio denominado &#8220;Momento da Inova\u00e7\u00e3o&#8221; e o &#8220;EconomiaSC Podcast&#8221;.<\/p>\n<h2>\n\t\tComunica\u00e7\u00e3o\n\t<\/h2>\n\t<hr \/>\n<h2>Momento da Inova\u00e7\u00e3o<\/h2>\n\t<p>Para ouvir as edi\u00e7\u00f5es do programa &#8220;Momento da Inova\u00e7\u00e3o&#8221; acesse o canal do Youtube do Centro de Inova\u00e7\u00e3o Blumenau (clique aqui). O material tamb\u00e9m \u00e9 divulgado em emissoras parceiras da regi\u00e3o: R\u00e1dio FURB FM 107,1 (Blumenau); R\u00e1dio Rainha 98 FM (Benedito Novo); R\u00e1dio Trentina 98,3 FM (Rodeio); R\u00e1dio Ativa 89. 7 FM (Gaspar) e R\u00e1dio Pomerode 95.1 FM (Pomerode). (<strong><a href=\"https:\/\/www.youtube.com\/channel\/UC3t7tafnZQbAQ9AzlWQWTUQ\/featured\" target=\"_blank\" rel=\"noopener\">clique aqui<\/a><\/strong>).<\/p>\n\t\t\t\t<a href=\"https:\/\/www.youtube.com\/channel\/UC3t7tafnZQbAQ9AzlWQWTUQ\/featured\" target=\"_blank\" rel=\"noopener\"  itemprop=\"url\">\n\t\t\t\t<img decoding=\"async\" src=\"http:\/\/institutogene.org.br\/wp-content\/uploads\/2022\/06\/Momento-da-Inovacao-1-300x280.png\" alt=\"Momento da Inova\u00e7\u00e3o\" itemprop=\"image\" title=\"Momento da Inova\u00e7\u00e3o\" onerror=\"this.style.display='none'\"  \/>\n\t\t\t\t<\/a>\n\t<p>As revistas est\u00e3o dispon\u00edveis para visualiza\u00e7\u00e3o e download. Para acessa-las, basta clicar na imagem referente \u00e0 edi\u00e7\u00e3o desejada, que assim, ser\u00e1 aberta uma nova guia com a visualiza\u00e7\u00e3o do PDF da revista, que pode ser baixado.<\/p>\n\t<hr \/>\n<h2>Revista SOU.<\/h2>\n\t\t\t\t<a href=\"https:\/\/drive.google.com\/file\/d\/1Sb3rtmFZHG3whbJxGfDZyDs036dBanxt\/view?usp=sharing\" target=\"_blank\" rel=\"noopener\"  itemprop=\"url\">\n\t\t\t\t<img loading=\"lazy\" decoding=\"async\" src=\"https:\/\/institutogene.org.br\/wp-content\/uploads\/2022\/06\/Revista-Um-ano-de-CIB-1_page-0001-210x300.jpg\" alt=\"Revista Um ano de CIB 1_page-0001\" itemprop=\"image\" height=\"300\" width=\"210\" title=\"Revista Um ano de CIB 1_page-0001\" onerror=\"this.style.display='none'\"  \/>\n\t\t\t\t<\/a>\n\t<p><a href=\"https:\/\/drive.google.com\/file\/d\/1Sb3rtmFZHG3whbJxGfDZyDs036dBanxt\/view?usp=sharing\" target=\"_blank\" rel=\"noopener\"><strong>1\u00aa Edi\u00e7\u00e3o<\/strong> &#8211; Primeiro Ano do CIB<\/a><\/p>\n\t\t\t\t<a href=\"https:\/\/drive.google.com\/file\/d\/1kPdGUAbfvamifKV8UTltNBYgLvza8N3P\/view?usp=sharing\" target=\"_blank\" rel=\"noopener\"  itemprop=\"url\">\n\t\t\t\t<img loading=\"lazy\" decoding=\"async\" src=\"https:\/\/institutogene.org.br\/wp-content\/uploads\/2023\/12\/cAPA-209x300.jpg\" alt=\"cAPA\" itemprop=\"image\" height=\"300\" width=\"209\" title=\"cAPA\" onerror=\"this.style.display='none'\"  \/>\n\t\t\t\t<\/a>\n\t<p><a href=\"https:\/\/drive.google.com\/file\/d\/1kPdGUAbfvamifKV8UTltNBYgLvza8N3P\/view?usp=sharing\" target=\"_blank\" rel=\"noopener\"><strong>2\u00aa Edi\u00e7\u00e3o<\/strong> &#8211; 3 Anos de CIB<\/a><\/p>\n\t\t\t\t<a href=\"https:\/\/drive.google.com\/file\/d\/1OyP238OqXz9sNzml_LDxeL_ZhKTIhG1A\/view?usp=sharing\" target=\"_blank\" rel=\"noopener\"  itemprop=\"url\">\n\t\t\t\t<img loading=\"lazy\" decoding=\"async\" src=\"https:\/\/institutogene.org.br\/wp-content\/uploads\/2024\/12\/Capa-Revista-Sou-3a-ed.jpg\" alt=\"Capa Revista Sou - 3\u00aa ed\" itemprop=\"image\" height=\"618\" width=\"441\" title=\"Capa Revista Sou - 3\u00aa ed\" onerror=\"this.style.display='none'\"  \/>\n\t\t\t\t<\/a>\n\t<a href=\"https:\/\/drive.google.com\/file\/d\/1OyP238OqXz9sNzml_LDxeL_ZhKTIhG1A\/view?usp=sharing\" target=\"_blank\" rel=\"noopener\"><strong>3\u00aa Edi\u00e7\u00e3o<\/strong> &#8211; 4 Anos de CIB<\/a><br \/>\n(<em>em portugu\u00eas<\/em>)\n\t\t\t\t<a href=\"https:\/\/drive.google.com\/file\/d\/1HKlsPWDYiWaPC9HHUquAkbMXgpglvcZz\/view?usp=sharing\" target=\"_blank\" rel=\"noopener\"  itemprop=\"url\">\n\t\t\t\t<img loading=\"lazy\" decoding=\"async\" src=\"https:\/\/institutogene.org.br\/wp-content\/uploads\/2025\/01\/Capa-SOU-em-ingles.jpg\" alt=\"Capa SOU em ingl\u00eas\" itemprop=\"image\" height=\"643\" width=\"463\" title=\"Capa SOU em ingl\u00eas\" onerror=\"this.style.display='none'\"  \/>\n\t\t\t\t<\/a>\n\t<a href=\"https:\/\/drive.google.com\/file\/d\/1HKlsPWDYiWaPC9HHUquAkbMXgpglvcZz\/view?usp=sharing\" target=\"_blank\" rel=\"noopener\"><strong>3\u00aa Edi\u00e7\u00e3o<\/strong> &#8211; 4 Anos de CIB<\/a><br \/>\n(<em>em ingl\u00eas<\/em>)\n\t\t\t\t<a href=\"https:\/\/drive.google.com\/file\/d\/1exfT1Hvnt98WFnXeF8pY34WwQnIqFAyP\/view?usp=sharing\" target=\"_blank\" rel=\"noopener\"  itemprop=\"url\">\n\t\t\t\t<img loading=\"lazy\" decoding=\"async\" src=\"https:\/\/institutogene.org.br\/wp-content\/uploads\/2025\/12\/Capa-pt-br.jpg\" alt=\"Capa pt-br\" itemprop=\"image\" height=\"1024\" width=\"720\" title=\"Capa pt-br\" onerror=\"this.style.display='none'\"  \/>\n\t\t\t\t<\/a>\n\t<a href=\"https:\/\/drive.google.com\/file\/d\/1exfT1Hvnt98WFnXeF8pY34WwQnIqFAyP\/view?usp=sharing\" target=\"_blank\" rel=\"noopener\"><strong>4\u00aa Edi\u00e7\u00e3o<\/strong> &#8211; 5 Anos de CIB<\/a><br \/>\n(<em>em portugu\u00eas<\/em>)\n\t\t\t\t<a href=\"https:\/\/drive.google.com\/file\/d\/1d-b-4oyHrBMLs9EnF8smw4ibtG6J3k8S\/view?usp=sharing\" target=\"_blank\" rel=\"noopener\"  itemprop=\"url\">\n\t\t\t\t<img loading=\"lazy\" decoding=\"async\" src=\"https:\/\/institutogene.org.br\/wp-content\/uploads\/2025\/12\/Capa-en.jpg\" alt=\"Capa en\" itemprop=\"image\" height=\"1024\" width=\"717\" title=\"Capa en\" onerror=\"this.style.display='none'\"  \/>\n\t\t\t\t<\/a>\n\t<a href=\"https:\/\/drive.google.com\/file\/d\/1d-b-4oyHrBMLs9EnF8smw4ibtG6J3k8S\/view?usp=sharing\" target=\"_blank\" rel=\"noopener\"><strong>4\u00aa Edi\u00e7\u00e3o<\/strong> &#8211; 5 Anos de CIB<\/a><br \/>\n(<em>em ingl\u00eas<\/em>)\n\t<hr \/>\n<h2>EconomiaSC Podcast<\/h2>\n<p>Uma parceria com o portal de not\u00edcias <strong><a href=\"http:\/\/economiasc.com\" target=\"_blank\" rel=\"noopener\">Economia SC<\/a><\/strong> viabiliza a produ\u00e7\u00e3o de conte\u00fado neste formato. Todos os epis\u00f3dios est\u00e3o dispon\u00edveis no <a href=\"https:\/\/www.youtube.com\/@cibcentrodeinovacaoblumena2452\" target=\"_blank\" rel=\"noopener\"><strong>canal do Youtube<\/strong> do Centro de Inova\u00e7\u00e3o Blumenau<\/a>.<\/p>\n<p><img loading=\"lazy\" decoding=\"async\" src=\"https:\/\/institutogene.org.br\/wp-content\/uploads\/2024\/12\/capa-1536x1131-1-300x221.jpg\" alt=\"\" width=\"300\" height=\"221\" \/><\/p>\n<p><a href=\"https:\/\/www.youtube.com\/watch?v=HhvT2v6SXjQ&amp;list=PLTGqYxuNeu0NfE40yYc0y_cdR5QPO3fEN\" target=\"_blank\" rel=\"noopener\"><strong>Clique aqui<\/strong> para acessar a playlist do programa<\/a>.<\/p>\n\t<hr \/>\n<h2>Mapeamento do Ecossistema de Inova\u00e7\u00e3o<\/h2>\n\t\t\t\t<a href=\"https:\/\/drive.google.com\/file\/d\/1JDqRJmxgYbLXnIoYNtEjLiFFGcKyCk7Z\/view?usp=sharing\" target=\"_blank\" rel=\"noopener\"  itemprop=\"url\">\n\t\t\t\t<img loading=\"lazy\" decoding=\"async\" src=\"https:\/\/institutogene.org.br\/wp-content\/uploads\/2022\/06\/Capa-Revista-Mapeamento_page-0001-212x300.jpg\" alt=\"Capa Revista Mapeamento_page-0001\" itemprop=\"image\" height=\"300\" width=\"212\" title=\"Capa Revista Mapeamento_page-0001\" onerror=\"this.style.display='none'\"  \/>\n\t\t\t\t<\/a>\n\t<p><a href=\"https:\/\/drive.google.com\/file\/d\/1JDqRJmxgYbLXnIoYNtEjLiFFGcKyCk7Z\/view?usp=sharing\" target=\"_blank\" rel=\"noopener\"><strong>Edi\u00e7\u00e3o \u00danica<\/strong><\/a><\/p>\n\t<hr \/>\n<h2>Revista Rota da Inova\u00e7\u00e3o<\/h2>\n\t\t\t\t<a href=\"https:\/\/drive.google.com\/file\/d\/10u5Xebu1VxBznwbGdMlou529GyfiSia7\/view?usp=sharing\" target=\"_blank\" rel=\"noopener\"  itemprop=\"url\">\n\t\t\t\t<img loading=\"lazy\" decoding=\"async\" src=\"https:\/\/institutogene.org.br\/wp-content\/uploads\/2022\/06\/Capa-Ed-01-234x300.jpg\" alt=\"Capa Ed 01\" itemprop=\"image\" height=\"300\" width=\"234\" title=\"Capa Ed 01\" onerror=\"this.style.display='none'\"  \/>\n\t\t\t\t<\/a>\n\t<p><strong><a href=\"https:\/\/drive.google.com\/file\/d\/10u5Xebu1VxBznwbGdMlou529GyfiSia7\/view?usp=sharing\" target=\"_blank\" rel=\"noopener\">Edi\u00e7\u00e3o Janeiro\/2014<\/a><\/strong><\/p>\n\t\t\t\t<a href=\"https:\/\/drive.google.com\/file\/d\/1XlK3lheou5nD5VNwm0-k3Mx-9BP3hdnO\/view?usp=sharing\" target=\"_blank\" rel=\"noopener\"  itemprop=\"url\">\n\t\t\t\t<img loading=\"lazy\" decoding=\"async\" src=\"https:\/\/institutogene.org.br\/wp-content\/uploads\/2022\/06\/Capa-Ed-02-234x300.jpg\" alt=\"Capa Ed 02\" itemprop=\"image\" height=\"300\" width=\"234\" title=\"Capa Ed 02\" onerror=\"this.style.display='none'\"  \/>\n\t\t\t\t<\/a>\n\t<p><a href=\"https:\/\/drive.google.com\/file\/d\/1XlK3lheou5nD5VNwm0-k3Mx-9BP3hdnO\/view?usp=sharing\" target=\"_blank\" rel=\"noopener\"><strong>Edi\u00e7\u00e3o Fevereiro\/2014<\/strong><\/a><\/p>\n\t\t\t\t<a href=\"https:\/\/drive.google.com\/file\/d\/1p2ab1eBiycvS2coGe_7NTs9EcWbet88Q\/view?usp=sharing\" target=\"_blank\" rel=\"noopener\"  itemprop=\"url\">\n\t\t\t\t<img loading=\"lazy\" decoding=\"async\" src=\"https:\/\/institutogene.org.br\/wp-content\/uploads\/2022\/06\/Capa-Ed-03-234x300.jpg\" alt=\"Capa Ed 03\" itemprop=\"image\" height=\"300\" width=\"234\" title=\"Capa Ed 03\" onerror=\"this.style.display='none'\"  \/>\n\t\t\t\t<\/a>\n\t<p><a href=\"https:\/\/drive.google.com\/file\/d\/1p2ab1eBiycvS2coGe_7NTs9EcWbet88Q\/view?usp=sharing\" target=\"_blank\" rel=\"noopener\"><strong>Edi\u00e7\u00e3o Mar\u00e7o\/2014<\/strong><\/a><\/p>\n\t\t\t\t<a href=\"https:\/\/drive.google.com\/file\/d\/1Ov4PlDKETI2uiKr36DqqEMQjg4ABdb8U\/view?usp=sharing\" target=\"_blank\" rel=\"noopener\"  itemprop=\"url\">\n\t\t\t\t<img loading=\"lazy\" decoding=\"async\" src=\"https:\/\/institutogene.org.br\/wp-content\/uploads\/2022\/06\/Capa-Ed-04-234x300.jpg\" alt=\"Capa Ed 04\" itemprop=\"image\" height=\"300\" width=\"234\" title=\"Capa Ed 04\" onerror=\"this.style.display='none'\"  \/>\n\t\t\t\t<\/a>\n\t<p><a href=\"https:\/\/drive.google.com\/file\/d\/1Ov4PlDKETI2uiKr36DqqEMQjg4ABdb8U\/view?usp=sharing\"><strong>Edi\u00e7\u00e3o Abril\/2014<\/strong><\/a><\/p>\n\t\t\t\t<a href=\"https:\/\/drive.google.com\/file\/d\/1DlyplIdX3fd9SARgOGJnicxjujvhdbXB\/view?usp=sharing\" target=\"_blank\" rel=\"noopener\"  itemprop=\"url\">\n\t\t\t\t<img loading=\"lazy\" decoding=\"async\" src=\"https:\/\/institutogene.org.br\/wp-content\/uploads\/2022\/06\/Capa-Ed-05-231x300.jpg\" alt=\"Capa Ed 05\" itemprop=\"image\" height=\"300\" width=\"231\" title=\"Capa Ed 05\" onerror=\"this.style.display='none'\"  \/>\n\t\t\t\t<\/a>\n\t<p><a href=\"https:\/\/drive.google.com\/file\/d\/1DlyplIdX3fd9SARgOGJnicxjujvhdbXB\/view?usp=sharing\" target=\"_blank\" rel=\"noopener\"><strong>Edi\u00e7\u00e3o Maio\/2015<\/strong><\/a><\/p>\n\t\t\t\t<a href=\"https:\/\/drive.google.com\/file\/d\/1F2gG6klV4ndEji69L53UQmUCTzTapx8y\/view?usp=sharing\" target=\"_blank\" rel=\"noopener\"  itemprop=\"url\">\n\t\t\t\t<img loading=\"lazy\" decoding=\"async\" src=\"https:\/\/institutogene.org.br\/wp-content\/uploads\/2022\/06\/Capa-Ed-06-232x300.jpg\" alt=\"Capa Ed 06\" itemprop=\"image\" height=\"300\" width=\"232\" title=\"Capa Ed 06\" onerror=\"this.style.display='none'\"  \/>\n\t\t\t\t<\/a>\n\t<p><a href=\"https:\/\/drive.google.com\/file\/d\/1F2gG6klV4ndEji69L53UQmUCTzTapx8y\/view?usp=sharing\" target=\"_blank\" rel=\"noopener\"><strong>Edi\u00e7\u00e3o Junho\/2015<\/strong><\/a><\/p>\n\t\t\t\t<a href=\"https:\/\/drive.google.com\/file\/d\/1LosDwh4_mxRejvfJdi0KHXvoF2lDZLLm\/view?usp=sharing\" target=\"_blank\" rel=\"noopener\"  itemprop=\"url\">\n\t\t\t\t<img loading=\"lazy\" decoding=\"async\" src=\"https:\/\/institutogene.org.br\/wp-content\/uploads\/2022\/06\/Capa-Ed-07-234x300.jpg\" alt=\"Capa Ed 07\" itemprop=\"image\" height=\"300\" width=\"234\" title=\"Capa Ed 07\" onerror=\"this.style.display='none'\"  \/>\n\t\t\t\t<\/a>\n\t<p><a href=\"https:\/\/drive.google.com\/file\/d\/1LosDwh4_mxRejvfJdi0KHXvoF2lDZLLm\/view?usp=sharing\" target=\"_blank\" rel=\"noopener\"><strong>Edi\u00e7\u00e3o Outubro\/2015<\/strong><\/a><\/p>\n\t\t\t\t<a href=\"https:\/\/drive.google.com\/file\/d\/1wLR54gLPHC1DOJsARP_PDrxQohHnuI5e\/view?usp=sharing\" target=\"_blank\" rel=\"noopener\"  itemprop=\"url\">\n\t\t\t\t<img loading=\"lazy\" decoding=\"async\" src=\"https:\/\/institutogene.org.br\/wp-content\/uploads\/2022\/06\/Capa-Ed-08-234x300.jpg\" alt=\"Capa Ed 08\" itemprop=\"image\" height=\"300\" width=\"234\" title=\"Capa Ed 08\" onerror=\"this.style.display='none'\"  \/>\n\t\t\t\t<\/a>\n\t<p><a href=\"https:\/\/drive.google.com\/file\/d\/1wLR54gLPHC1DOJsARP_PDrxQohHnuI5e\/view?usp=sharing\" target=\"_blank\" rel=\"noopener\"><strong>Edi\u00e7\u00e3o Fevereiro\/2016<\/strong><\/a><\/p>\n\t\t\t\t<a href=\"https:\/\/drive.google.com\/file\/d\/1BObP3178gzuM2F9VXlLzEFHnDKEELEEz\/view?usp=sharing\" target=\"_blank\" rel=\"noopener\"  itemprop=\"url\">\n\t\t\t\t<img loading=\"lazy\" decoding=\"async\" src=\"https:\/\/institutogene.org.br\/wp-content\/uploads\/2022\/06\/Capa-Ed-09-234x300.jpg\" alt=\"Capa Ed 09\" itemprop=\"image\" height=\"300\" width=\"234\" title=\"Capa Ed 09\" onerror=\"this.style.display='none'\"  \/>\n\t\t\t\t<\/a>\n\t<p><a href=\"https:\/\/drive.google.com\/file\/d\/1BObP3178gzuM2F9VXlLzEFHnDKEELEEz\/view?usp=sharing\" target=\"_blank\" rel=\"noopener\"><strong>Edi\u00e7\u00e3o Junho\/2016<\/strong><\/a><\/p>\n\n","protected":false},"excerpt":{"rendered":"<p>Sobre O Instituto Gene e o Centro de Inova\u00e7\u00e3o Blumenau t\u00eam um hist\u00f3rico de publica\u00e7\u00f5es e parcerias que d\u00e3o visibilidade para as a\u00e7\u00f5es de inova\u00e7\u00e3o e empreendedorismo da regi\u00e3o e do Estado. Revistas como a Rota da Inova\u00e7\u00e3o, Mapeamento do Ecossistema da Regi\u00e3o da AMVE e Sou Inova\u00e7\u00e3o s\u00e3o alguns dos exemplos de revistas impressas. Outras parcerias de comunica\u00e7\u00e3o que d\u00e3o visibilidade ao ecossistema s\u00e3o o programa de r\u00e1dio denominado &#8220;Momento da Inova\u00e7\u00e3o&#8221; e o &#8220;EconomiaSC Podcast&#8221;. Comunica\u00e7\u00e3o Momento da Inova\u00e7\u00e3o Para ouvir as edi\u00e7\u00f5es do programa &#8220;Momento da Inova\u00e7\u00e3o&#8221; acesse o canal do Youtube do Centro de Inova\u00e7\u00e3o Blumenau&#8230; <\/p>\n","protected":false},"author":1,"featured_media":0,"parent":0,"menu_order":0,"comment_status":"closed","ping_status":"closed","template":"","meta":{"footnotes":""},"class_list":["post-1401","page","type-page","status-publish","hentry"],"_links":{"self":[{"href":"https:\/\/institutogene.org.br\/index.php\/wp-json\/wp\/v2\/pages\/1401","targetHints":{"allow":["GET"]}}],"collection":[{"href":"https:\/\/institutogene.org.br\/index.php\/wp-json\/wp\/v2\/pages"}],"about":[{"href":"https:\/\/institutogene.org.br\/index.php\/wp-json\/wp\/v2\/types\/page"}],"author":[{"embeddable":true,"href":"https:\/\/institutogene.org.br\/index.php\/wp-json\/wp\/v2\/users\/1"}],"replies":[{"embeddable":true,"href":"https:\/\/institutogene.org.br\/index.php\/wp-json\/wp\/v2\/comments?post=1401"}],"version-history":[{"count":20,"href":"https:\/\/institutogene.org.br\/index.php\/wp-json\/wp\/v2\/pages\/1401\/revisions"}],"predecessor-version":[{"id":2370,"href":"https:\/\/institutogene.org.br\/index.php\/wp-json\/wp\/v2\/pages\/1401\/revisions\/2370"}],"wp:attachment":[{"href":"https:\/\/institutogene.org.br\/index.php\/wp-json\/wp\/v2\/media?parent=1401"}],"curies":[{"name":"wp","href":"https:\/\/api.w.org\/{rel}","templated":true}]}}